{"id":2937,"date":"2023-12-07T23:50:03","date_gmt":"2023-12-07T22:50:03","guid":{"rendered":"https:\/\/kessidev.com\/?page_id=2937"},"modified":"2023-12-07T23:56:37","modified_gmt":"2023-12-07T22:56:37","slug":"mentions-legales","status":"publish","type":"page","link":"https:\/\/kessidev.com\/index.php\/mentions-legales\/","title":{"rendered":"mentions l\u00e9gales"},"content":{"rendered":"\t\t<div data-elementor-type=\"wp-page\" data-elementor-id=\"2937\" class=\"elementor elementor-2937\">\n\t\t\t\t\t\t<section class=\"elementor-section elementor-top-section elementor-element elementor-element-472166fe elementor-section-boxed elementor-section-height-default elementor-section-height-default\" data-id=\"472166fe\" data-element_type=\"section\">\n\t\t\t\t\t\t<div class=\"elementor-container elementor-column-gap-default\">\n\t\t\t\t\t<div class=\"elementor-column elementor-col-100 elementor-top-column elementor-element elementor-element-106700e6\" data-id=\"106700e6\" data-element_type=\"column\">\n\t\t\t<div class=\"elementor-widget-wrap elementor-element-populated\">\n\t\t\t\t\t\t<div class=\"elementor-element elementor-element-1ea36e02 elementor-widget elementor-widget-text-editor\" data-id=\"1ea36e02\" data-element_type=\"widget\" data-widget_type=\"text-editor.default\">\n\t\t\t\t<div class=\"elementor-widget-container\">\n\t\t\t<style>\/*! elementor - v3.21.0 - 26-05-2024 *\/\n.elementor-widget-text-editor.elementor-drop-cap-view-stacked .elementor-drop-cap{background-color:#69727d;color:#fff}.elementor-widget-text-editor.elementor-drop-cap-view-framed .elementor-drop-cap{color:#69727d;border:3px solid;background-color:transparent}.elementor-widget-text-editor:not(.elementor-drop-cap-view-default) .elementor-drop-cap{margin-top:8px}.elementor-widget-text-editor:not(.elementor-drop-cap-view-default) .elementor-drop-cap-letter{width:1em;height:1em}.elementor-widget-text-editor .elementor-drop-cap{float:left;text-align:center;line-height:1;font-size:50px}.elementor-widget-text-editor .elementor-drop-cap-letter{display:inline-block}<\/style>\t\t\t\t<!-- wp:paragraph -->\n<p>KessiDev France SAS<br>122 rue Amelot, 75011 Paris, France<br>Email: <a href=\"mailto:contact@kessidev.com\">contact@kessidev.com<\/a><\/p>\n<!-- \/wp:paragraph -->\n\n<!-- wp:paragraph -->\n<p><strong>Repr\u00e9sentant L\u00e9gal:<\/strong> M. Boris DAPNET<br><strong>RCS:<\/strong> [Num\u00e9ro RCS]<br><strong>TVA intracommunautaire:<\/strong> [Num\u00e9ro TVA]<\/p>\n<!-- \/wp:paragraph -->\n\n<!-- wp:paragraph -->\n<p><strong>H\u00e9bergement du Site:<\/strong><br>OVH<br>2 rue Kellermann \u2013 59100 Roubaix \u2013 France.<br>T\u00e9l. : +33 (0)3 20 830 866<br>Fax : +33 (0)3 20 200 958<\/p>\n<!-- \/wp:paragraph -->\n\n<!-- wp:paragraph -->\n<p><strong>Propri\u00e9t\u00e9 Intellectuelle:<\/strong><br>Le contenu de ce site, y compris les textes, images, graphiques et autres \u00e9l\u00e9ments, est la propri\u00e9t\u00e9 exclusive de KessiDev France SAS, sauf indication contraire. Toute reproduction ou utilisation non autoris\u00e9e est interdite.<\/p>\n<!-- \/wp:paragraph -->\n\n<!-- wp:paragraph -->\n<p><strong>Protection des Donn\u00e9es Personnelles:<\/strong><br>Les informations collect\u00e9es par le biais de ce site sont trait\u00e9es conform\u00e9ment \u00e0 notre politique de confidentialit\u00e9, disponible \u00e0 l&rsquo;adresse [lien vers la politique de confidentialit\u00e9].<\/p>\n<!-- \/wp:paragraph -->\n\n<!-- wp:paragraph -->\n<p><strong>Cookies:<\/strong><br>Ce site utilise des cookies pour am\u00e9liorer l&rsquo;exp\u00e9rience utilisateur. En continuant \u00e0 naviguer sur ce site, vous acceptez l&rsquo;utilisation de cookies.<\/p>\n<!-- \/wp:paragraph -->\n\n<!-- wp:paragraph -->\n<p><strong>Liens Externes:<\/strong><br>KessiDev France SAS n&rsquo;est pas responsable du contenu des sites externes li\u00e9s \u00e0 partir de ce site.<\/p>\n<!-- \/wp:paragraph -->\n\n<!-- wp:paragraph -->\n<p><strong>Contact:<\/strong><br>Pour toute question ou demande d&rsquo;information, veuillez nous contacter \u00e0 l&rsquo;adresse email mentionn\u00e9e ci-dessus.<\/p>\n<!-- \/wp:paragraph -->\n\n<!-- wp:paragraph -->\n<p><strong>Derni\u00e8re Mise \u00e0 Jour:<\/strong> 07\/12\/2023<\/p>\n<!-- \/wp:paragraph -->\t\t\t\t\t\t<\/div>\n\t\t\t\t<\/div>\n\t\t\t\t\t<\/div>\n\t\t<\/div>\n\t\t\t\t\t<\/div>\n\t\t<\/section>\n\t\t\t\t<\/div>\n\t\t","protected":false},"excerpt":{"rendered":"<p>KessiDev France SAS122 rue Amelot, 75011 Paris, FranceEmail: contact@kessidev.com Repr\u00e9sentant L\u00e9gal: M. Boris DAPNETRCS: [Num\u00e9ro RCS]TVA intracommunautaire: [Num\u00e9ro TVA] H\u00e9bergement du Site:OVH2 rue Kellermann \u2013 59100 Roubaix \u2013 France.T\u00e9l. : +33 (0)3 20 830 866Fax : +33 (0)3 20 200 958 Propri\u00e9t\u00e9 Intellectuelle:Le contenu de ce site, y compris les textes, images, graphiques et autres &hellip;<\/p>\n<p class=\"read-more\"> <a class=\"\" href=\"https:\/\/kessidev.com\/index.php\/mentions-legales\/\"> <span class=\"screen-reader-text\">mentions l\u00e9gales<\/span> Lire la suite\u00a0\u00bb<\/a><\/p>\n","protected":false},"author":1,"featured_media":0,"parent":0,"menu_order":0,"comment_status":"closed","ping_status":"closed","template":"","meta":{"site-sidebar-layout":"default","site-content-layout":"","ast-site-content-layout":"default","site-content-style":"default","site-sidebar-style":"default","ast-global-header-display":"","ast-banner-title-visibility":"","ast-main-header-display":"","ast-hfb-above-header-display":"","ast-hfb-below-header-display":"","ast-hfb-mobile-header-display":"","site-post-title":"","ast-breadcrumbs-content":"","ast-featured-img":"","footer-sml-layout":"","theme-transparent-header-meta":"","adv-header-id-meta":"","stick-header-meta":"","header-above-stick-meta":"","header-main-stick-meta":"","header-below-stick-meta":"","astra-migrate-meta-layouts":"set","ast-page-background-enabled":"default","ast-page-background-meta":{"desktop":{"background-color":"","background-image":"","background-repeat":"repeat","background-position":"center center","background-size":"auto","background-attachment":"scroll","background-type":"","background-media":"","overlay-type":"","overlay-color":"","overlay-gradient":""},"tablet":{"background-color":"","background-image":"","background-repeat":"repeat","background-position":"center center","background-size":"auto","background-attachment":"scroll","background-type":"","background-media":"","overlay-type":"","overlay-color":"","overlay-gradient":""},"mobile":{"background-color":"","background-image":"","background-repeat":"repeat","background-position":"center center","background-size":"auto","background-attachment":"scroll","background-type":"","background-media":"","overlay-type":"","overlay-color":"","overlay-gradient":""}},"ast-content-background-meta":{"desktop":{"background-color":"var(--ast-global-color-5)","background-image":"","background-repeat":"repeat","background-position":"center center","background-size":"auto","background-attachment":"scroll","background-type":"","background-media":"","overlay-type":"","overlay-color":"","overlay-gradient":""},"tablet":{"background-color":"var(--ast-global-color-5)","background-image":"","background-repeat":"repeat","background-position":"center center","background-size":"auto","background-attachment":"scroll","background-type":"","background-media":"","overlay-type":"","overlay-color":"","overlay-gradient":""},"mobile":{"background-color":"var(--ast-global-color-5)","background-image":"","background-repeat":"repeat","background-position":"center center","background-size":"auto","background-attachment":"scroll","background-type":"","background-media":"","overlay-type":"","overlay-color":"","overlay-gradient":""}},"footnotes":""},"class_list":["post-2937","page","type-page","status-publish","hentry"],"_links":{"self":[{"href":"https:\/\/kessidev.com\/index.php\/wp-json\/wp\/v2\/pages\/2937","targetHints":{"allow":["GET"]}}],"collection":[{"href":"https:\/\/kessidev.com\/index.php\/wp-json\/wp\/v2\/pages"}],"about":[{"href":"https:\/\/kessidev.com\/index.php\/wp-json\/wp\/v2\/types\/page"}],"author":[{"embeddable":true,"href":"https:\/\/kessidev.com\/index.php\/wp-json\/wp\/v2\/users\/1"}],"replies":[{"embeddable":true,"href":"https:\/\/kessidev.com\/index.php\/wp-json\/wp\/v2\/comments?post=2937"}],"version-history":[{"count":4,"href":"https:\/\/kessidev.com\/index.php\/wp-json\/wp\/v2\/pages\/2937\/revisions"}],"predecessor-version":[{"id":2943,"href":"https:\/\/kessidev.com\/index.php\/wp-json\/wp\/v2\/pages\/2937\/revisions\/2943"}],"wp:attachment":[{"href":"https:\/\/kessidev.com\/index.php\/wp-json\/wp\/v2\/media?parent=2937"}],"curies":[{"name":"wp","href":"https:\/\/api.w.org\/{rel}","templated":true}]}}