{"id":2944,"date":"2023-12-11T12:34:28","date_gmt":"2023-12-11T11:34:28","guid":{"rendered":"https:\/\/kessidev.com\/?page_id=2944"},"modified":"2023-12-11T12:41:31","modified_gmt":"2023-12-11T11:41:31","slug":"conditions-dutilisation","status":"publish","type":"page","link":"https:\/\/kessidev.com\/index.php\/conditions-dutilisation\/","title":{"rendered":"Conditions d&rsquo;utilisation"},"content":{"rendered":"\n<p>En utilisant ce site web&nbsp;<a href=\"https:\/\/coudecom.com\/\">https:\/\/kessidev.com<\/a>, vous acceptez les pr\u00e9sentes conditions d\u2019utilisation. Si vous n\u2019acceptez pas ces conditions, veuillez ne pas utiliser ce site.<\/p>\n\n\n\n<h3 class=\"wp-block-heading\">Propri\u00e9t\u00e9 Intellectuelle<\/h3>\n\n\n\n<p>Tous les \u00e9l\u00e9ments, contenus ou non sur le site web de la Soci\u00e9t\u00e9, sont prot\u00e9g\u00e9s par la l\u00e9gislation fran\u00e7aise sur la propri\u00e9t\u00e9 intellectuelle et sont la propri\u00e9t\u00e9 exclusive de la Soci\u00e9t\u00e9 ou de ses partenaires. Toute reproduction, repr\u00e9sentation, distribution ou utilisation \u00e0 des fins commerciales ou non commerciales sans l\u2019autorisation pr\u00e9alable de la Soci\u00e9t\u00e9 est strictement interdite.<\/p>\n\n\n\n<h3 class=\"wp-block-heading\">Limitation De Responsabilit\u00e9<\/h3>\n\n\n\n<p>La Soci\u00e9t\u00e9 ne peut \u00eatre tenue responsable de tout dommage direct ou indirect r\u00e9sultant de l\u2019utilisation de son site web, y compris toute perte de donn\u00e9es, de revenus ou de b\u00e9n\u00e9fices. La Soci\u00e9t\u00e9 ne garantit pas l\u2019exactitude ou l\u2019exhaustivit\u00e9 des informations contenues sur son site web, ni l\u2019absence de virus ou d\u2019autres \u00e9l\u00e9ments nuisibles.<\/p>\n\n\n\n<h3 class=\"wp-block-heading\">Protection Des Donn\u00e9es Personnelles<\/h3>\n\n\n\n<p>La Soci\u00e9t\u00e9 s\u2019engage \u00e0 prot\u00e9ger les donn\u00e9es personnelles des utilisateurs conform\u00e9ment \u00e0 la r\u00e9glementation en vigueur. Pour en savoir plus sur notre politique de confidentialit\u00e9 et sur vos droits, veuillez consulter notre Politique de Confidentialit\u00e9.<\/p>\n\n\n\n<h3 class=\"wp-block-heading\">Modifications Des Conditions D\u2019utilisation<\/h3>\n\n\n\n<p>La Soci\u00e9t\u00e9 se r\u00e9serve le droit de modifier \u00e0 tout moment les pr\u00e9sentes conditions d\u2019utilisation. Les utilisateurs sont invit\u00e9s \u00e0 consulter r\u00e9guli\u00e8rement cette page pour \u00eatre inform\u00e9s des modifications apport\u00e9es.<\/p>\n\n\n\n<h3 class=\"wp-block-heading\">Loi Applicable Et Juridiction Comp\u00e9tente<\/h3>\n\n\n\n<p>Les pr\u00e9sentes conditions d\u2019utilisation sont r\u00e9gies par le droit fran\u00e7ais. Tout litige relatif \u00e0 l\u2019interpr\u00e9tation ou \u00e0 l\u2019ex\u00e9cution des pr\u00e9sentes sera soumis \u00e0 la comp\u00e9tence exclusive des tribunaux de Paris.<\/p>\n\n\n\n<h3 class=\"wp-block-heading\">Cookies<\/h3>\n\n\n\n<p>Dans le but d\u2019am\u00e9liorer l\u2019exp\u00e9rience utilisateur sur le Site et d\u2019optimiser les performances de ses contenus, il est possible qu\u2019un ou plusieurs cookies soient install\u00e9s sur le disque dur de l\u2019utilisateur. Il est important de noter que l\u2019utilisateur a le choix de refuser leur installation en suivant la proc\u00e9dure d\u00e9crite dans son navigateur.<\/p>\n\n\n\n<p>La liste exhaustive des cookies utilis\u00e9s, leur objectif ainsi que leur statut de validation sont disponibles via la CMP (la plateforme de gestion des pr\u00e9f\u00e9rences en mati\u00e8re de cookies).<\/p>\n\n\n\n<h3 class=\"wp-block-heading\">Contact<\/h3>\n\n\n\n<p>Pour toute question ou r\u00e9clamation concernant les pr\u00e9sentes conditions d\u2019utilisation, veuillez contacter la Soci\u00e9t\u00e9 \u00e0 l\u2019adresse e-mail suivante :&nbsp;<a href=\"mailto:administration@coudecom.com\" target=\"_blank\" rel=\"noreferrer noopener\">contact@kessidev.com<\/a><\/p>\n","protected":false},"excerpt":{"rendered":"<p>En utilisant ce site web&nbsp;https:\/\/kessidev.com, vous acceptez les pr\u00e9sentes conditions d\u2019utilisation. Si vous n\u2019acceptez pas ces conditions, veuillez ne pas utiliser ce site. Propri\u00e9t\u00e9 Intellectuelle Tous les \u00e9l\u00e9ments, contenus ou non sur le site web de la Soci\u00e9t\u00e9, sont prot\u00e9g\u00e9s par la l\u00e9gislation fran\u00e7aise sur la propri\u00e9t\u00e9 intellectuelle et sont la propri\u00e9t\u00e9 exclusive de la &hellip;<\/p>\n<p class=\"read-more\"> <a class=\"\" href=\"https:\/\/kessidev.com\/index.php\/conditions-dutilisation\/\"> <span class=\"screen-reader-text\">Conditions d&rsquo;utilisation<\/span> Lire la suite\u00a0\u00bb<\/a><\/p>\n","protected":false},"author":1,"featured_media":0,"parent":0,"menu_order":0,"comment_status":"closed","ping_status":"closed","template":"","meta":{"site-sidebar-layout":"default","site-content-layout":"","ast-site-content-layout":"default","site-content-style":"default","site-sidebar-style":"default","ast-global-header-display":"","ast-banner-title-visibility":"","ast-main-header-display":"","ast-hfb-above-header-display":"","ast-hfb-below-header-display":"","ast-hfb-mobile-header-display":"","site-post-title":"","ast-breadcrumbs-content":"","ast-featured-img":"","footer-sml-layout":"","theme-transparent-header-meta":"","adv-header-id-meta":"","stick-header-meta":"","header-above-stick-meta":"","header-main-stick-meta":"","header-below-stick-meta":"","astra-migrate-meta-layouts":"set","ast-page-background-enabled":"default","ast-page-background-meta":{"desktop":{"background-color":"","background-image":"","background-repeat":"repeat","background-position":"center center","background-size":"auto","background-attachment":"scroll","background-type":"","background-media":"","overlay-type":"","overlay-color":"","overlay-gradient":""},"tablet":{"background-color":"","background-image":"","background-repeat":"repeat","background-position":"center center","background-size":"auto","background-attachment":"scroll","background-type":"","background-media":"","overlay-type":"","overlay-color":"","overlay-gradient":""},"mobile":{"background-color":"","background-image":"","background-repeat":"repeat","background-position":"center center","background-size":"auto","background-attachment":"scroll","background-type":"","background-media":"","overlay-type":"","overlay-color":"","overlay-gradient":""}},"ast-content-background-meta":{"desktop":{"background-color":"var(--ast-global-color-5)","background-image":"","background-repeat":"repeat","background-position":"center center","background-size":"auto","background-attachment":"scroll","background-type":"","background-media":"","overlay-type":"","overlay-color":"","overlay-gradient":""},"tablet":{"background-color":"var(--ast-global-color-5)","background-image":"","background-repeat":"repeat","background-position":"center center","background-size":"auto","background-attachment":"scroll","background-type":"","background-media":"","overlay-type":"","overlay-color":"","overlay-gradient":""},"mobile":{"background-color":"var(--ast-global-color-5)","background-image":"","background-repeat":"repeat","background-position":"center center","background-size":"auto","background-attachment":"scroll","background-type":"","background-media":"","overlay-type":"","overlay-color":"","overlay-gradient":""}},"footnotes":""},"class_list":["post-2944","page","type-page","status-publish","hentry"],"_links":{"self":[{"href":"https:\/\/kessidev.com\/index.php\/wp-json\/wp\/v2\/pages\/2944","targetHints":{"allow":["GET"]}}],"collection":[{"href":"https:\/\/kessidev.com\/index.php\/wp-json\/wp\/v2\/pages"}],"about":[{"href":"https:\/\/kessidev.com\/index.php\/wp-json\/wp\/v2\/types\/page"}],"author":[{"embeddable":true,"href":"https:\/\/kessidev.com\/index.php\/wp-json\/wp\/v2\/users\/1"}],"replies":[{"embeddable":true,"href":"https:\/\/kessidev.com\/index.php\/wp-json\/wp\/v2\/comments?post=2944"}],"version-history":[{"count":2,"href":"https:\/\/kessidev.com\/index.php\/wp-json\/wp\/v2\/pages\/2944\/revisions"}],"predecessor-version":[{"id":2947,"href":"https:\/\/kessidev.com\/index.php\/wp-json\/wp\/v2\/pages\/2944\/revisions\/2947"}],"wp:attachment":[{"href":"https:\/\/kessidev.com\/index.php\/wp-json\/wp\/v2\/media?parent=2944"}],"curies":[{"name":"wp","href":"https:\/\/api.w.org\/{rel}","templated":true}]}}